{"id":1096,"date":"2025-08-01T10:50:15","date_gmt":"2025-08-01T08:50:15","guid":{"rendered":"https:\/\/saldanhamar.wearespace.dk\/?page_id=1096"},"modified":"2025-09-19T00:04:06","modified_gmt":"2025-09-18T22:04:06","slug":"politica-de-privacidade","status":"publish","type":"page","link":"https:\/\/saldanhamar.pt\/en\/politica-de-privacidade\/","title":{"rendered":"Privacy Policy"},"content":{"rendered":"<div data-elementor-type=\"wp-page\" data-elementor-id=\"1096\" class=\"elementor elementor-1096\" data-elementor-post-type=\"page\">\n\t\t\t\t<div class=\"elementor-element elementor-element-04a1494 e-flex e-con-boxed e-con e-parent\" data-id=\"04a1494\" data-element_type=\"container\" data-e-type=\"container\">\n\t\t\t\t\t<div class=\"e-con-inner\">\n\t\t\t\t<div class=\"elementor-element elementor-element-ab5c4db elementor-widget elementor-widget-text-editor\" data-id=\"ab5c4db\" data-element_type=\"widget\" data-e-type=\"widget\" data-widget_type=\"text-editor.default\">\n\t\t\t\t\t\t\t\t\t<p data-start=\"1833\" data-end=\"2140\"><strong data-start=\"1833\" data-end=\"1858\">What are cookies?<\/strong><br data-start=\"1858\" data-end=\"1861\" \/>Cookies are small text files stored on your device when you visit a website. They help us understand how visitors interact with our website, improve functionality, and enable certain features such as remembering your preferences or processing orders.<\/p><p data-start=\"2142\" data-end=\"2183\"><strong data-start=\"2142\" data-end=\"2181\">What types of cookies do we use?<\/strong><\/p><ul data-start=\"2184\" data-end=\"2613\"><li data-start=\"2184\" data-end=\"2281\"><p data-start=\"2186\" data-end=\"2281\"><strong data-start=\"2186\" data-end=\"2209\">Necessary cookies: These are essential for the website to function properly and cannot be disabled.<\/strong>: Essenciais para o funcionamento do site e n\u00e3o podem ser desativados.<\/p><\/li><li data-start=\"2282\" data-end=\"2389\"><p data-start=\"2284\" data-end=\"2389\"><strong data-start=\"2284\" data-end=\"2306\">Analytical cookies: These help us understand how users navigate the site so we can improve performance.<\/strong>: Permitem analisar a navega\u00e7\u00e3o dos utilizadores e melhorar o desempenho do site.<\/p><\/li><li data-start=\"2390\" data-end=\"2473\"><p data-start=\"2392\" data-end=\"2473\"><strong data-start=\"2392\" data-end=\"2419\">Preference cookies: These store your choices, such as language settings<\/strong>: Guardam as suas escolhas, como a l\u00edngua preferida.<\/p><\/li><li data-start=\"2474\" data-end=\"2613\"><p data-start=\"2476\" data-end=\"2613\"><strong data-start=\"2476\" data-end=\"2500\">Marketing cookies<\/strong>: If used, these track user activity across websites to deliver relevant advertising.<\/p><\/li><\/ul><p data-start=\"2615\" data-end=\"2906\"><strong data-start=\"2615\" data-end=\"2642\">3. Third-party cookies<\/strong><br data-start=\"2642\" data-end=\"2645\" \/>Some cookies may be placed by third-party services such as Google Analytics or embedded tools (e.g. booking systems or maps). These providers may process your data according to their own privacy policies.<\/p><p data-start=\"2908\" data-end=\"3176\"><strong data-start=\"2908\" data-end=\"2942\">4. How can you manage cookies?<\/strong><br data-start=\"2942\" data-end=\"2945\" \/>You can manage or disable cookies in your browser settings. For non-essential cookies, we ask for your consent via the cookie banner upon your first visit. You may change your preferences at any time.<\/p><p data-start=\"3178\" data-end=\"3418\"><strong data-start=\"3178\" data-end=\"3216\">5. Data protection and privacy<\/strong><br data-start=\"3216\" data-end=\"3219\" \/>We respect your right to privacy and process all data in accordance with the General Data Protection Regulation (GDPR). For more details, see our Privacy Policy.<\/p>\t\t\t\t\t\t\t\t<\/div>\n\t\t\t\t\t<\/div>\n\t\t\t\t<\/div>\n\t\t\t\t<\/div>","protected":false},"excerpt":{"rendered":"<p>1. O que s\u00e3o cookies?Cookies s\u00e3o pequenos ficheiros de texto armazenados no seu dispositivo quando visita um website. Ajudam-nos a compreender como os visitantes interagem com o site, melhorar a funcionalidade e ativar funcionalidades como a memoriza\u00e7\u00e3o de prefer\u00eancias ou o processamento de pedidos. 2. Que tipos de cookies utilizamos? Cookies necess\u00e1rios: Essenciais para o [&hellip;]<\/p>","protected":false},"author":1,"featured_media":0,"parent":0,"menu_order":0,"comment_status":"closed","ping_status":"closed","template":"","meta":{"footnotes":""},"class_list":["post-1096","page","type-page","status-publish","hentry"],"yoast_head":"<!-- This site is optimized with the Yoast SEO plugin v27.4 - https:\/\/yoast.com\/product\/yoast-seo-wordpress\/ -->\n<title>Pol\u00edtica de Privacidade - Saldanha Mar<\/title>\n<meta name=\"robots\" content=\"index, follow, max-snippet:-1, max-image-preview:large, max-video-preview:-1\" \/>\n<link rel=\"canonical\" href=\"https:\/\/saldanhamar.pt\/en\/politica-de-privacidade\/\" \/>\n<meta property=\"og:locale\" content=\"en_US\" \/>\n<meta property=\"og:type\" content=\"article\" \/>\n<meta property=\"og:title\" content=\"Pol\u00edtica de Privacidade - Saldanha Mar\" \/>\n<meta property=\"og:description\" content=\"1. O que s\u00e3o cookies?Cookies s\u00e3o pequenos ficheiros de texto armazenados no seu dispositivo quando visita um website. Ajudam-nos a compreender como os visitantes interagem com o site, melhorar a funcionalidade e ativar funcionalidades como a memoriza\u00e7\u00e3o de prefer\u00eancias ou o processamento de pedidos. 2. Que tipos de cookies utilizamos? Cookies necess\u00e1rios: Essenciais para o [&hellip;]\" \/>\n<meta property=\"og:url\" content=\"https:\/\/saldanhamar.pt\/en\/politica-de-privacidade\/\" \/>\n<meta property=\"og:site_name\" content=\"Saldanha Mar\" \/>\n<meta property=\"article:modified_time\" content=\"2025-09-18T22:04:06+00:00\" \/>\n<meta name=\"twitter:card\" content=\"summary_large_image\" \/>\n<meta name=\"twitter:label1\" content=\"Est. reading time\" \/>\n\t<meta name=\"twitter:data1\" content=\"1 minute\" \/>\n<script type=\"application\/ld+json\" class=\"yoast-schema-graph\">{\"@context\":\"https:\\\/\\\/schema.org\",\"@graph\":[{\"@type\":\"WebPage\",\"@id\":\"https:\\\/\\\/saldanhamar.pt\\\/politica-de-privacidade\\\/\",\"url\":\"https:\\\/\\\/saldanhamar.pt\\\/politica-de-privacidade\\\/\",\"name\":\"Pol\u00edtica de Privacidade - Saldanha Mar\",\"isPartOf\":{\"@id\":\"https:\\\/\\\/saldanhamar.pt\\\/#website\"},\"datePublished\":\"2025-08-01T08:50:15+00:00\",\"dateModified\":\"2025-09-18T22:04:06+00:00\",\"breadcrumb\":{\"@id\":\"https:\\\/\\\/saldanhamar.pt\\\/politica-de-privacidade\\\/#breadcrumb\"},\"inLanguage\":\"en-US\",\"potentialAction\":[{\"@type\":\"ReadAction\",\"target\":[\"https:\\\/\\\/saldanhamar.pt\\\/politica-de-privacidade\\\/\"]}]},{\"@type\":\"BreadcrumbList\",\"@id\":\"https:\\\/\\\/saldanhamar.pt\\\/politica-de-privacidade\\\/#breadcrumb\",\"itemListElement\":[{\"@type\":\"ListItem\",\"position\":1,\"name\":\"Hjem\",\"item\":\"https:\\\/\\\/saldanhamar.pt\\\/\"},{\"@type\":\"ListItem\",\"position\":2,\"name\":\"Pol\u00edtica de Privacidade\"}]},{\"@type\":\"WebSite\",\"@id\":\"https:\\\/\\\/saldanhamar.pt\\\/#website\",\"url\":\"https:\\\/\\\/saldanhamar.pt\\\/\",\"name\":\"Saldanha Mar\",\"description\":\"Restaurante &amp; Esplanada\",\"publisher\":{\"@id\":\"https:\\\/\\\/saldanhamar.pt\\\/#organization\"},\"potentialAction\":[{\"@type\":\"SearchAction\",\"target\":{\"@type\":\"EntryPoint\",\"urlTemplate\":\"https:\\\/\\\/saldanhamar.pt\\\/?s={search_term_string}\"},\"query-input\":{\"@type\":\"PropertyValueSpecification\",\"valueRequired\":true,\"valueName\":\"search_term_string\"}}],\"inLanguage\":\"en-US\"},{\"@type\":\"Organization\",\"@id\":\"https:\\\/\\\/saldanhamar.pt\\\/#organization\",\"name\":\"Saldanha Mar\",\"url\":\"https:\\\/\\\/saldanhamar.pt\\\/\",\"logo\":{\"@type\":\"ImageObject\",\"inLanguage\":\"en-US\",\"@id\":\"https:\\\/\\\/saldanhamar.pt\\\/#\\\/schema\\\/logo\\\/image\\\/\",\"url\":\"https:\\\/\\\/saldanhamar.pt\\\/wp-content\\\/uploads\\\/2025\\\/04\\\/Aktiv-2.png\",\"contentUrl\":\"https:\\\/\\\/saldanhamar.pt\\\/wp-content\\\/uploads\\\/2025\\\/04\\\/Aktiv-2.png\",\"width\":1018,\"height\":146,\"caption\":\"Saldanha Mar\"},\"image\":{\"@id\":\"https:\\\/\\\/saldanhamar.pt\\\/#\\\/schema\\\/logo\\\/image\\\/\"}}]}<\/script>\n<!-- \/ Yoast SEO plugin. -->","yoast_head_json":{"title":"Pol\u00edtica de Privacidade - Saldanha Mar","robots":{"index":"index","follow":"follow","max-snippet":"max-snippet:-1","max-image-preview":"max-image-preview:large","max-video-preview":"max-video-preview:-1"},"canonical":"https:\/\/saldanhamar.pt\/en\/politica-de-privacidade\/","og_locale":"en_US","og_type":"article","og_title":"Pol\u00edtica de Privacidade - Saldanha Mar","og_description":"1. O que s\u00e3o cookies?Cookies s\u00e3o pequenos ficheiros de texto armazenados no seu dispositivo quando visita um website. Ajudam-nos a compreender como os visitantes interagem com o site, melhorar a funcionalidade e ativar funcionalidades como a memoriza\u00e7\u00e3o de prefer\u00eancias ou o processamento de pedidos. 2. Que tipos de cookies utilizamos? Cookies necess\u00e1rios: Essenciais para o [&hellip;]","og_url":"https:\/\/saldanhamar.pt\/en\/politica-de-privacidade\/","og_site_name":"Saldanha Mar","article_modified_time":"2025-09-18T22:04:06+00:00","twitter_card":"summary_large_image","twitter_misc":{"Est. reading time":"1 minute"},"schema":{"@context":"https:\/\/schema.org","@graph":[{"@type":"WebPage","@id":"https:\/\/saldanhamar.pt\/politica-de-privacidade\/","url":"https:\/\/saldanhamar.pt\/politica-de-privacidade\/","name":"Pol\u00edtica de Privacidade - Saldanha Mar","isPartOf":{"@id":"https:\/\/saldanhamar.pt\/#website"},"datePublished":"2025-08-01T08:50:15+00:00","dateModified":"2025-09-18T22:04:06+00:00","breadcrumb":{"@id":"https:\/\/saldanhamar.pt\/politica-de-privacidade\/#breadcrumb"},"inLanguage":"en-US","potentialAction":[{"@type":"ReadAction","target":["https:\/\/saldanhamar.pt\/politica-de-privacidade\/"]}]},{"@type":"BreadcrumbList","@id":"https:\/\/saldanhamar.pt\/politica-de-privacidade\/#breadcrumb","itemListElement":[{"@type":"ListItem","position":1,"name":"Hjem","item":"https:\/\/saldanhamar.pt\/"},{"@type":"ListItem","position":2,"name":"Pol\u00edtica de Privacidade"}]},{"@type":"WebSite","@id":"https:\/\/saldanhamar.pt\/#website","url":"https:\/\/saldanhamar.pt\/","name":"Saldanha Mar","description":"Restaurante &amp; Esplanada","publisher":{"@id":"https:\/\/saldanhamar.pt\/#organization"},"potentialAction":[{"@type":"SearchAction","target":{"@type":"EntryPoint","urlTemplate":"https:\/\/saldanhamar.pt\/?s={search_term_string}"},"query-input":{"@type":"PropertyValueSpecification","valueRequired":true,"valueName":"search_term_string"}}],"inLanguage":"en-US"},{"@type":"Organization","@id":"https:\/\/saldanhamar.pt\/#organization","name":"Saldanha Mar","url":"https:\/\/saldanhamar.pt\/","logo":{"@type":"ImageObject","inLanguage":"en-US","@id":"https:\/\/saldanhamar.pt\/#\/schema\/logo\/image\/","url":"https:\/\/saldanhamar.pt\/wp-content\/uploads\/2025\/04\/Aktiv-2.png","contentUrl":"https:\/\/saldanhamar.pt\/wp-content\/uploads\/2025\/04\/Aktiv-2.png","width":1018,"height":146,"caption":"Saldanha Mar"},"image":{"@id":"https:\/\/saldanhamar.pt\/#\/schema\/logo\/image\/"}}]}},"_links":{"self":[{"href":"https:\/\/saldanhamar.pt\/en\/wp-json\/wp\/v2\/pages\/1096","targetHints":{"allow":["GET"]}}],"collection":[{"href":"https:\/\/saldanhamar.pt\/en\/wp-json\/wp\/v2\/pages"}],"about":[{"href":"https:\/\/saldanhamar.pt\/en\/wp-json\/wp\/v2\/types\/page"}],"author":[{"embeddable":true,"href":"https:\/\/saldanhamar.pt\/en\/wp-json\/wp\/v2\/users\/1"}],"replies":[{"embeddable":true,"href":"https:\/\/saldanhamar.pt\/en\/wp-json\/wp\/v2\/comments?post=1096"}],"version-history":[{"count":7,"href":"https:\/\/saldanhamar.pt\/en\/wp-json\/wp\/v2\/pages\/1096\/revisions"}],"predecessor-version":[{"id":1325,"href":"https:\/\/saldanhamar.pt\/en\/wp-json\/wp\/v2\/pages\/1096\/revisions\/1325"}],"wp:attachment":[{"href":"https:\/\/saldanhamar.pt\/en\/wp-json\/wp\/v2\/media?parent=1096"}],"curies":[{"name":"wp","href":"https:\/\/api.w.org\/{rel}","templated":true}]}}